{"id":3997,"date":"2023-05-02T00:19:59","date_gmt":"2023-05-01T23:19:59","guid":{"rendered":"https:\/\/www.estradaclara.pt\/?page_id=3997"},"modified":"2023-05-02T09:56:05","modified_gmt":"2023-05-02T08:56:05","slug":"se-acreditares","status":"publish","type":"page","link":"https:\/\/www.estradaclara.pt\/index.php\/se-acreditares\/","title":{"rendered":"Se acreditares&#8230;"},"content":{"rendered":"\n<p><strong>Reflex\u00e3o para o m\u00eas de maio de 2023<\/strong><\/p>\n\n\n\n<p><em>Texto de Ana Lu\u00edsa Marafona, Comunidade Estrada Clara<\/em><\/p>\n\n\n\n<p><strong><em>\u201c<\/em>Em verdade, em verdade vos digo: quem cr\u00ea em mim tamb\u00e9m far\u00e1 as obras que eu realizo.\u201d&nbsp;<em>(do Evangelho segundo S\u00e3o Jo\u00e3o \u2013 Jo 14, 12)<\/em><\/strong><\/p>\n\n\n\n<figure class=\"wp-block-image\"><a href=\"https:\/\/www.estradaclara.pt\/wp-content\/uploads\/2023\/05\/pascoa-23.jpg\"><img loading=\"lazy\" decoding=\"async\" width=\"1024\" height=\"771\" src=\"https:\/\/www.estradaclara.pt\/wp-content\/uploads\/2023\/05\/pascoa-23-1024x771.jpg\" alt=\"\" class=\"wp-image-3993\" srcset=\"https:\/\/www.estradaclara.pt\/wp-content\/uploads\/2023\/05\/pascoa-23-1024x771.jpg 1024w, https:\/\/www.estradaclara.pt\/wp-content\/uploads\/2023\/05\/pascoa-23-300x226.jpg 300w, https:\/\/www.estradaclara.pt\/wp-content\/uploads\/2023\/05\/pascoa-23-768x578.jpg 768w, https:\/\/www.estradaclara.pt\/wp-content\/uploads\/2023\/05\/pascoa-23-1536x1157.jpg 1536w, https:\/\/www.estradaclara.pt\/wp-content\/uploads\/2023\/05\/pascoa-23.jpg 2040w\" sizes=\"auto, (max-width: 1024px) 100vw, 1024px\" \/><\/a><\/figure>\n\n\n\n<p>As palavras dos Evangelhos s\u00e3o verdadeiras p\u00e9rolas de sabedoria. Creio que se os crist\u00e3os as conhecessem melhor, se lhes dedicassem tempo e pensamento, se as procurassem mais, melhor compreenderiam a vida e as suas circunst\u00e2ncias.&nbsp;<strong>As palavras que os Evangelhos nos trazem traduzem-se em vida, em luz para as nossas sombras. Por isso, as circunst\u00e2ncias alegres e dolorosas que todos n\u00f3s, sem exce\u00e7\u00e3o, experimentamos adquirem um significado renovado quando s\u00e3o lidas e amadas \u00e0 luz da mensagem de Jesus Cristo.<\/strong><\/p>\n\n\n\n<p>Este vers\u00edculo, retirado do Evangelho de S\u00e3o Jo\u00e3o, \u00e9 uma das promessas que Jesus nos faz. Todo aquele que acreditar ser\u00e1 capaz de realizar as suas obras, ampliando-as no tempo e no espa\u00e7o. A condi\u00e7\u00e3o que Jesus nos apresenta para que tal se concretize \u00e9 a de acreditar, a de querer construir uma vida de f\u00e9, a de querer estar dispon\u00edvel para o que o Esp\u00edrito de Deus nos quer revelar e para os sinais atrav\u00e9s dos quais a vida nos fala<strong>. Esta condi\u00e7\u00e3o de acreditar implica sempre colocar a nossa confian\u00e7a em Deus, sentido e vivendo em n\u00f3s tudo aquilo que Ele nos faz. Aceitando este estado de confian\u00e7a e escolhendo viv\u00ea-lo no nosso quotidiano, seremos, ent\u00e3o, seus disc\u00edpulos, percorreremos juntos os seus caminhos e continuaremos as suas obras.<\/strong><\/p>\n\n\n\n<p>Quando aceitamos aceder a este n\u00edvel de acreditar, conseguimos passar da morte para a vida. Quando escolhemos viver em n\u00f3s este modo de acreditar, a vida volta a encontrar-nos, mesmo depois de a termos perdido. Quando assumimos, no nosso dia-a-dia, que queremos acreditar, surge ent\u00e3o aquela alegria que nos salva e nos ressuscita.<\/p>\n\n\n\n<p>Este modo de viver na e em confian\u00e7a esteve presente nas primeiras comunidades crist\u00e3s descritas no Novo Testamento. No entanto, estes modelos de comunidade (com todos os seus defeitos e virtudes!) n\u00e3o s\u00e3o meras recorda\u00e7\u00f5es do passado que servem apenas para lembrar o que j\u00e1 foi. Estas comunidades constitu\u00eddas pelos seguidores da mensagem de Jesus Cristo continuaram a ser feitas ao longo dos tempos.&nbsp;<strong>Hoje, nas nossas circunst\u00e2ncias, nos nossos contextos, nos nossos espa\u00e7os, n\u00f3s somos estes disc\u00edpulos a quem Jesus faz uma promessa de eternidade plena. Sim, tamb\u00e9m n\u00f3s faremos as suas obras. Sim, tamb\u00e9m n\u00f3s concretizaremos, em gestos e a\u00e7\u00f5es, a mensagem de uma vida em Amor que Ele nos ofereceu. Sim, n\u00f3s somos estes novos disc\u00edpulos. Temos um nome, uma hist\u00f3ria, um lugar.<\/strong><\/p>\n\n\n\n<p>Deus deu ao Homem total liberdade de escolha, nunca impondo nada. Por isso, podemos escolher segui-lo e viver a sua mensagem de forma concreta ou n\u00e3o. Quando recusamos seguir os caminhos que Deus nos prop\u00f5e, n\u00e3o h\u00e1 espa\u00e7o para a presen\u00e7a de um Deus vingativo ou ciumento, castrador ou desrespeitador da liberdade humana. Deus s\u00f3 pode amar.&nbsp;<strong>Mas, sabemos que quando n\u00e3o vivemos estes seus caminhos de Amor, somos perdedores. Ficamos aqu\u00e9m do que poder\u00edamos ser, compreender, viver. Somos menos crist\u00e3os. Somos menos espirituais.<\/strong><\/p>\n\n\n\n<p><strong>A vida crist\u00e3 \u00e9 sempre uma constru\u00e7\u00e3o. \u00c9 um caminho que se vai fazendo e que tem por base este acreditar que precisa sempre de ser alimentado, cuidado, protegido e atualizado. Alimentado com a Palavra de Deus que \u00e9 sempre fonte de vida para a eternidade. Cuidado atrav\u00e9s do Amor que escolhemos como nosso oxig\u00e9nio. Protegido dos falsos deuses que tantas vezes nos atraem e nos fazem ser ego\u00edstas, indiferentes e ausentes. Atualizado na rela\u00e7\u00e3o com os outros, na descoberta comum de prop\u00f3sitos de vida em abund\u00e2ncia, no questionamento que nos faz crescer em f\u00e9.<\/strong><\/p>\n\n\n\n<p>Nesta promessa marcada nesta passagem do Evangelho de S\u00e3o Jo\u00e3o, Jesus refere-se \u00e0s suas obras. Estas obras n\u00e3o s\u00e3o os grandes monumentos, as grandes conquistas. Nem sequer s\u00e3o as grandes visibilidades e honrarias que quem \u00e9 figura p\u00fablica adquire. Se assim fosse, a mensagem de Jesus seria seletiva e estaria destinada apenas a um reduzido n\u00famero de eleitos, o que entraria em total contradi\u00e7\u00e3o com o cerne crist\u00e3o.&nbsp;<strong>Estas obras s\u00e3o, por conseguinte, tudo aquilo que cada crist\u00e3o pode e deve fazer e que est\u00e1 ao alcance das suas circunst\u00e2ncias. Por isso, estas obras s\u00e3o, tantas vezes, os gestos mais simples e acess\u00edveis, que nos chegam atrav\u00e9s de um sorriso, de uma palavra, de um olhar.<\/strong><\/p>\n\n\n\n<p>As obras de Deus s\u00e3o a forma e o modo como n\u00f3s agimos. N\u00f3s refletimos a divindade que Deus nos deu, somos portadores dessa ess\u00eancia e somos respons\u00e1veis por traz\u00ea-la a descoberto.&nbsp;<strong>Se a mensagem de Jesus Cristo, na qual dizemos acreditar, n\u00e3o afeta a maneira como vivemos a nossa vida, ent\u00e3o estamos a negligenciar esta mesma mensagem. De nada serve dizer que Jesus Cristo \u00e9 o filho de Deus se, com a nossa vida, n\u00e3o somos capazes de confirmar estas palavras.<\/strong><\/p>\n\n\n\n<p>\u00c0 semelhan\u00e7a do que aconteceu com os seus disc\u00edpulos, Jesus tamb\u00e9m nos escolhe a n\u00f3s, tamb\u00e9m nos responsabiliza pela continua\u00e7\u00e3o das suas obras. E todos n\u00f3s fazemos falta. Todos n\u00f3s somos importantes neste projeto de Deus. Todos n\u00f3s somos pe\u00e7as fulcrais e necess\u00e1rias. Numa palavra dada, num abra\u00e7o oferecido, numa m\u00e3o que se estende. Num caminho que se escolhe fazer, num projeto em comum, num olhar de vida. Todos fazemos a diferen\u00e7a.<\/p>\n\n\n\n<p><strong>Ningu\u00e9m \u00e9 crist\u00e3o sozinho. Ningu\u00e9m vive a sua f\u00e9 sozinho. Acreditar \u00e9 a\u00e7\u00e3o, atitude, movimento. E o Amor \u00e9 sempre a resposta a dar, mesmo quando as perguntas surgem dif\u00edceis, perturbadoras, duras. A grande hist\u00f3ria do Amor de Deus acompanha e est\u00e1 presente na hist\u00f3ria de cada um de n\u00f3s. O Cristianismo diz-nos que cada ser humano traz dentro de si o divino e que, por isso, \u00e9 sempre sinal de Deus no mundo. Deus vem habitar no meio de n\u00f3s. Em mim, em ti. Na tua comunidade, na tua fam\u00edlia. Nos nossos amigos e nos nossos projetos. Nas nossas obras. <strong>E estas obras s\u00e3o abra\u00e7os dados, can\u00e7\u00f5es sonhadas, mensagens enviadas, tempo em comum, subidas \u00e0s montanhas, sil\u00eancios falados, textos escritos, refei\u00e7\u00f5es partilhadas, l\u00e1grimas cuidadas, casas escolhidas, risos alegres. As nossas obras. Que s\u00e3o as de um Deus que nos quer bem. E n\u00f3s s\u00f3 precisamos de acreditar. Querer confiar. Ir buscar aquela luz que \u00e9 Jesus e que nunca se apagar\u00e1. Iluminar a vida toda para toda a vida. E, ent\u00e3o, as obras permanecer\u00e3o. E a vida seguir\u00e1 em dire\u00e7\u00e3o \u00e0 Terra Prometida.<\/strong><\/strong><\/p>\n","protected":false},"excerpt":{"rendered":"<p>Reflex\u00e3o para o m\u00eas de maio de 2023 Texto de Ana Lu\u00edsa Marafona, Comunidade Estrada Clara \u201cEm verdade, em verdade vos digo: quem cr\u00ea em mim tamb\u00e9m far\u00e1 as obras que eu realizo.\u201d&nbsp;(do Evangelho segundo S\u00e3o Jo\u00e3o \u2013 Jo 14, 12) As palavras dos Evangelhos s\u00e3o verdadeiras p\u00e9rolas de sabedoria. Creio que se os crist\u00e3os &hellip; <a href=\"https:\/\/www.estradaclara.pt\/index.php\/se-acreditares\/\" class=\"more-link\">Continuar a ler <span class=\"screen-reader-text\">Se acreditares&#8230;<\/span> <span class=\"meta-nav\">&rarr;<\/span><\/a><\/p>\n","protected":false},"author":1,"featured_media":0,"parent":0,"menu_order":0,"comment_status":"closed","ping_status":"closed","template":"","meta":{"footnotes":""},"class_list":["post-3997","page","type-page","status-publish","hentry"],"_links":{"self":[{"href":"https:\/\/www.estradaclara.pt\/index.php\/wp-json\/wp\/v2\/pages\/3997","targetHints":{"allow":["GET"]}}],"collection":[{"href":"https:\/\/www.estradaclara.pt\/index.php\/wp-json\/wp\/v2\/pages"}],"about":[{"href":"https:\/\/www.estradaclara.pt\/index.php\/wp-json\/wp\/v2\/types\/page"}],"author":[{"embeddable":true,"href":"https:\/\/www.estradaclara.pt\/index.php\/wp-json\/wp\/v2\/users\/1"}],"replies":[{"embeddable":true,"href":"https:\/\/www.estradaclara.pt\/index.php\/wp-json\/wp\/v2\/comments?post=3997"}],"version-history":[{"count":3,"href":"https:\/\/www.estradaclara.pt\/index.php\/wp-json\/wp\/v2\/pages\/3997\/revisions"}],"predecessor-version":[{"id":4004,"href":"https:\/\/www.estradaclara.pt\/index.php\/wp-json\/wp\/v2\/pages\/3997\/revisions\/4004"}],"wp:attachment":[{"href":"https:\/\/www.estradaclara.pt\/index.php\/wp-json\/wp\/v2\/media?parent=3997"}],"curies":[{"name":"wp","href":"https:\/\/api.w.org\/{rel}","templated":true}]}}